{"id":13,"date":"2020-09-22T13:06:14","date_gmt":"2020-09-22T18:06:14","guid":{"rendered":"https:\/\/tiindux.com\/ymca\/?page_id=13"},"modified":"2020-10-30T15:18:34","modified_gmt":"2020-10-30T20:18:34","slug":"historia","status":"publish","type":"page","link":"https:\/\/ymcacolombia.org\/en\/historia\/","title":{"rendered":"History"},"content":{"rendered":"<div data-elementor-type=\"wp-page\" data-elementor-id=\"13\" class=\"elementor elementor-13\" data-elementor-post-type=\"page\">\n\t\t\t\t\t\t<section class=\"elementor-section elementor-top-section elementor-element elementor-element-9170b4b elementor-section-content-middle elementor-section-boxed elementor-section-height-default elementor-section-height-default\" data-id=\"9170b4b\" data-element_type=\"section\" data-settings=\"{&quot;background_background&quot;:&quot;classic&quot;}\">\n\t\t\t\t\t\t<div class=\"elementor-container elementor-column-gap-no\">\n\t\t\t\t\t<div class=\"elementor-column elementor-col-100 elementor-top-column elementor-element elementor-element-4ba8beef\" data-id=\"4ba8beef\" data-element_type=\"column\">\n\t\t\t<div class=\"elementor-widget-wrap elementor-element-populated\">\n\t\t\t\t\t\t<div class=\"elementor-element elementor-element-5ee7e66c elementor-widget elementor-widget-heading\" data-id=\"5ee7e66c\" data-element_type=\"widget\" data-widget_type=\"heading.default\">\n\t\t\t\t<div class=\"elementor-widget-container\">\n\t\t\t\t\t<h2 class=\"elementor-heading-title elementor-size-default\">HISTORY\n<\/h2>\t\t\t\t<\/div>\n\t\t\t\t<\/div>\n\t\t\t\t\t<\/div>\n\t\t<\/div>\n\t\t\t\t\t<\/div>\n\t\t<\/section>\n\t\t\t\t<section class=\"elementor-section elementor-top-section elementor-element elementor-element-3285f5b elementor-section-boxed elementor-section-height-default elementor-section-height-default\" data-id=\"3285f5b\" data-element_type=\"section\">\n\t\t\t\t\t\t<div class=\"elementor-container elementor-column-gap-default\">\n\t\t\t\t\t<div class=\"elementor-column elementor-col-100 elementor-top-column elementor-element elementor-element-3bf178a\" data-id=\"3bf178a\" data-element_type=\"column\">\n\t\t\t<div class=\"elementor-widget-wrap elementor-element-populated\">\n\t\t\t\t\t\t<div class=\"elementor-element elementor-element-c387f79 elementor-widget elementor-widget-text-editor\" data-id=\"c387f79\" data-element_type=\"widget\" data-widget_type=\"text-editor.default\">\n\t\t\t\t<div class=\"elementor-widget-container\">\n\t\t\t\t\t\t\t\t\t<p>\t\t<div class=\"wpostahs-slider-wrp\" data-conf=\"{&quot;dots&quot;:&quot;false&quot;,&quot;arrows&quot;:&quot;true&quot;,&quot;loop&quot;:&quot;true&quot;,&quot;autoplay&quot;:&quot;true&quot;,&quot;autoplayInterval&quot;:&quot;5000&quot;,&quot;speed&quot;:&quot;1000&quot;,&quot;fade&quot;:&quot;false&quot;,&quot;rtl&quot;:&quot;false&quot;,&quot;centermode&quot;:&quot;false&quot;,&quot;slidestoshow&quot;:&quot;3&quot;,&quot;lazyload&quot;:&quot;&quot;}\">\r\n\t\t\t<div class=\"wpostahs-slider wpostahs-slider-inner-wrp wpostahs-slider-design-2\">\r\n\t\t\t\t\n<div id=\"wpostahs-slider-nav-1\" class=\"wpostahs-slider-nav-1 wpostahs-slider-nav wpostahs-slick-slider\" data-slider-nav-for='wpostahs-slider-for-1'>\n\t\t\t\t<div class=\"wpostahs-slider-nav-title\">\n\t\t\t<div class=\"wpostahs-main-title\">\n\t\t\t\t<button><\/button>\n\t\t\t<\/div>\n\t\t\t<div class=\"wpostahs-title\">1844 \u2013 Founding<\/div>\n\t\t<\/div>\n\t\t\t<div class=\"wpostahs-slider-nav-title\">\n\t\t\t<div class=\"wpostahs-main-title\">\n\t\t\t\t<button><\/button>\n\t\t\t<\/div>\n\t\t\t<div class=\"wpostahs-title\">1855 \u2013 First World YMCA Conference<\/div>\n\t\t<\/div>\n\t\t\t<div class=\"wpostahs-slider-nav-title\">\n\t\t\t<div class=\"wpostahs-main-title\">\n\t\t\t\t<button><\/button>\n\t\t\t<\/div>\n\t\t\t<div class=\"wpostahs-title\">1891 \u2013 Invention of Basketball<\/div>\n\t\t<\/div>\n\t\t\t<div class=\"wpostahs-slider-nav-title\">\n\t\t\t<div class=\"wpostahs-main-title\">\n\t\t\t\t<button><\/button>\n\t\t\t<\/div>\n\t\t\t<div class=\"wpostahs-title\">1895 \u2013 Invention of Volleyball<\/div>\n\t\t<\/div>\n\t\t\t<div class=\"wpostahs-slider-nav-title\">\n\t\t\t<div class=\"wpostahs-main-title\">\n\t\t\t\t<button><\/button>\n\t\t\t<\/div>\n\t\t\t<div class=\"wpostahs-title\">1901 \u2013 Nobel Peace Prize<\/div>\n\t\t<\/div>\n\t\t\t<div class=\"wpostahs-slider-nav-title\">\n\t\t\t<div class=\"wpostahs-main-title\">\n\t\t\t\t<button><\/button>\n\t\t\t<\/div>\n\t\t\t<div class=\"wpostahs-title\">1930 \u2013 Invention of Indoor Soccer (Futsal)<\/div>\n\t\t<\/div>\n\t\t\t<div class=\"wpostahs-slider-nav-title\">\n\t\t\t<div class=\"wpostahs-main-title\">\n\t\t\t\t<button><\/button>\n\t\t\t<\/div>\n\t\t\t<div class=\"wpostahs-title\">1964 \u2013 Founding of YMCA Colombia<\/div>\n\t\t<\/div>\n\t\t\t<div class=\"wpostahs-slider-nav-title\">\n\t\t\t<div class=\"wpostahs-main-title\">\n\t\t\t\t<button><\/button>\n\t\t\t<\/div>\n\t\t\t<div class=\"wpostahs-title\">1982 \u2013 National Territories Program<\/div>\n\t\t<\/div>\n\t\t\t<div class=\"wpostahs-slider-nav-title\">\n\t\t\t<div class=\"wpostahs-main-title\">\n\t\t\t\t<button><\/button>\n\t\t\t<\/div>\n\t\t\t<div class=\"wpostahs-title\">1985 \u2013 Support for the Armero tragedy<\/div>\n\t\t<\/div>\n\t\t\t<div class=\"wpostahs-slider-nav-title\">\n\t\t\t<div class=\"wpostahs-main-title\">\n\t\t\t\t<button><\/button>\n\t\t\t<\/div>\n\t\t\t<div class=\"wpostahs-title\">2003 \u2013 Disengaged Youth from the Armed Conflict Project<\/div>\n\t\t<\/div>\n\t\t\t<div class=\"wpostahs-slider-nav-title\">\n\t\t\t<div class=\"wpostahs-main-title\">\n\t\t\t\t<button><\/button>\n\t\t\t<\/div>\n\t\t\t<div class=\"wpostahs-title\">2007 \u2013 Carlos Lleras Restrepo Award<\/div>\n\t\t<\/div>\n\t<\/div>\n\n<div class=\"wpostahs-slider-for-1 wpostahs-slider-for wpostahs-slick-slider\">\n\t\t\t\n\t\t<div class=\"wpostahs-slider-nav-content\">\n\t\t<h2 class=\"wpostahs-centent-title\">1844 \u2013 Founding<\/h2>\n\t\t\t<div class=\"wpostahs-centent\">\n\t\t\t\t<p><span style=\"font-weight: 300;\">On June 6, 1844, in the midst of the English Industrial Revolution, George Williams and a group of young people founded the YMCA, with the aim of restoring the importance of balancing the three essential aspects of the human being: body, mind, and spirit.<\/span><\/p>\n\t\t\t<\/div>\n\n\t\t\t\t<\/div>\n\t\t\t\n\t\t<div class=\"wpostahs-slider-nav-content\">\n\t\t<h2 class=\"wpostahs-centent-title\">1855 \u2013 First World YMCA Conference<\/h2>\n\t\t\t<div class=\"wpostahs-centent\">\n\t\t\t\t<p><span style=\"font-weight: 300;\">In 1855, the First World Conference was held, bringing together 99 young delegates from nine federations around the world. At this conference, the Paris Basis was adopted, signing the YMCA\u2019s mission and purpose. Additionally, the International Central Committee was created. <\/span><\/p>\n\t\t\t<\/div>\n\n\t\t\t\t<\/div>\n\t\t\t\n\t\t<div class=\"wpostahs-slider-nav-content\">\n\t\t<h2 class=\"wpostahs-centent-title\">1891 \u2013 Invention of Basketball<\/h2>\n\t\t\t<div class=\"wpostahs-centent\">\n\t\t\t\t<p><span style=\"font-weight: 300;\">The YMCA is responsible for the invention of basketball by James Naismith in 1891 at the YMCA in Springfield, United States. <\/span><\/p>\n\t\t\t<\/div>\n\n\t\t\t\t\t<div style=\"text-align:center\">\n\t\t\t\t<img decoding=\"async\"  src=\"https:\/\/ymcacolombia.org\/wp-content\/uploads\/2020\/09\/1891.jpg\" alt=\"1891 &#8211; Invenci\u00f3n del Baloncesto\" \/>\n\t\t\t<\/div>\n\t\t\t\t<\/div>\n\t\t\t\n\t\t<div class=\"wpostahs-slider-nav-content\">\n\t\t<h2 class=\"wpostahs-centent-title\">1895 \u2013 Invention of Volleyball<\/h2>\n\t\t\t<div class=\"wpostahs-centent\">\n\t\t\t\t<p><span style=\"font-weight: 300;\">In 1895, volleyball was created by YMCA instructor William Morgan at the YMCA facility in Holyoke, United States.<\/span><\/p>\n\t\t\t<\/div>\n\n\t\t\t\t\t<div style=\"text-align:center\">\n\t\t\t\t<img decoding=\"async\"  src=\"https:\/\/ymcacolombia.org\/wp-content\/uploads\/2020\/09\/1895.jpg\" alt=\"1895 &#8211; Invenci\u00f3n del Voleibol\" \/>\n\t\t\t<\/div>\n\t\t\t\t<\/div>\n\t\t\t\n\t\t<div class=\"wpostahs-slider-nav-content\">\n\t\t<h2 class=\"wpostahs-centent-title\">1901 \u2013 Nobel Peace Prize<\/h2>\n\t\t\t<div class=\"wpostahs-centent\">\n\t\t\t\t<p><span style=\"font-weight: 300;\">Henry Dunant, founder of the International Red Cross and Secretary General of the YMCA in Geneva, Switzerland, received the Nobel Peace Prize in 1901.<\/span><span style=\"font-weight: 300;\">.<\/span><\/p>\n\t\t\t<\/div>\n\n\t\t\t\t\t<div style=\"text-align:center\">\n\t\t\t\t<img decoding=\"async\"  src=\"https:\/\/ymcacolombia.org\/wp-content\/uploads\/2020\/09\/1901.jpg\" alt=\"1901 &#8211; Premio Nobel de Paz\" \/>\n\t\t\t<\/div>\n\t\t\t\t<\/div>\n\t\t\t\n\t\t<div class=\"wpostahs-slider-nav-content\">\n\t\t<h2 class=\"wpostahs-centent-title\">1930 \u2013 Invention of Indoor Soccer (Futsal)<\/h2>\n\t\t\t<div class=\"wpostahs-centent\">\n\t\t\t\t<p><span style=\"font-weight: 300;\">Indoor soccer (futsal) was invented by Juan Carlos Ceriani at the YMCA in Montevideo, Uruguay.<\/span><\/p>\n\t\t\t<\/div>\n\n\t\t\t\t\t<div style=\"text-align:center\">\n\t\t\t\t<img decoding=\"async\"  src=\"https:\/\/ymcacolombia.org\/wp-content\/uploads\/2020\/09\/1930.jpg\" alt=\"1930 &#8211; Invenci\u00f3n del F\u00fatbol de sal\u00f3n\" \/>\n\t\t\t<\/div>\n\t\t\t\t<\/div>\n\t\t\t\n\t\t<div class=\"wpostahs-slider-nav-content\">\n\t\t<h2 class=\"wpostahs-centent-title\">1964 \u2013 Founding of YMCA Colombia<\/h2>\n\t\t\t<div class=\"wpostahs-centent\">\n\t\t\t\t<p><span style=\"font-weight: 300;\">On March 10, 1964, at the Hotel Tequendama, 43 people gathered and established the Young Men\u2019s Christian Association of Colombia.<\/span><\/p>\n\t\t\t<\/div>\n\n\t\t\t\t\t<div style=\"text-align:center\">\n\t\t\t\t<img decoding=\"async\"  src=\"https:\/\/ymcacolombia.org\/wp-content\/uploads\/2020\/09\/1964.jpg\" alt=\"1964 &#8211; Fundaci\u00f3n YMCA Colombia\" \/>\n\t\t\t<\/div>\n\t\t\t\t<\/div>\n\t\t\t\n\t\t<div class=\"wpostahs-slider-nav-content\">\n\t\t<h2 class=\"wpostahs-centent-title\">1982 \u2013 National Territories Program<\/h2>\n\t\t\t<div class=\"wpostahs-centent\">\n\t\t\t\t<p><span style=\"font-weight: 300;\">In partnership with DAINCO, the YMCA carried out the National Territories Program, which had a great impact by reaching nine cities with 12 professionals and 45 volunteers who, during the vacation season, worked with more than 70,000 people.<\/span><\/p>\n\t\t\t<\/div>\n\n\t\t\t\t\t<div style=\"text-align:center\">\n\t\t\t\t<img decoding=\"async\"  src=\"https:\/\/ymcacolombia.org\/wp-content\/uploads\/2020\/09\/1982.jpg\" alt=\"1982 &#8211; Programa de Territorios nacionales\" \/>\n\t\t\t<\/div>\n\t\t\t\t<\/div>\n\t\t\t\n\t\t<div class=\"wpostahs-slider-nav-content\">\n\t\t<h2 class=\"wpostahs-centent-title\">1985 \u2013 Support for the Armero tragedy<\/h2>\n\t\t\t<div class=\"wpostahs-centent\">\n\t\t\t\t<p><span style=\"font-weight: 300;\">The YMCA carried out a campaign to collect donations aimed at helping those affected by the tragedy. In addition, groups of professionals and volunteers were sent to create programs to benefit the victims.<\/span><\/p>\n\t\t\t<\/div>\n\n\t\t\t\t\t<div style=\"text-align:center\">\n\t\t\t\t<img decoding=\"async\"  src=\"https:\/\/ymcacolombia.org\/wp-content\/uploads\/2020\/09\/1985.jpg\" alt=\"1985 &#8211; Apoyo a la tragedia de Armero\" \/>\n\t\t\t<\/div>\n\t\t\t\t<\/div>\n\t\t\t\n\t\t<div class=\"wpostahs-slider-nav-content\">\n\t\t<h2 class=\"wpostahs-centent-title\">2003 \u2013 Disengaged Youth from the Armed Conflict Project<\/h2>\n\t\t\t<div class=\"wpostahs-centent\">\n\t\t\t\t<p><span style=\"font-weight: 300;\">The YMCA took on the challenge of assisting youth disengaged from the armed conflict through a Transitional Home program.<\/span><\/p>\n\t\t\t<\/div>\n\n\t\t\t\t\t<div style=\"text-align:center\">\n\t\t\t\t<img decoding=\"async\"  src=\"https:\/\/ymcacolombia.org\/wp-content\/uploads\/2020\/09\/2003-2.jpg\" alt=\"2003 &#8211; Proyecto J\u00f3venes desvinculados del Conflicto Armado\" \/>\n\t\t\t<\/div>\n\t\t\t\t<\/div>\n\t\t\t\n\t\t<div class=\"wpostahs-slider-nav-content\">\n\t\t<h2 class=\"wpostahs-centent-title\">2007 \u2013 Carlos Lleras Restrepo Award<\/h2>\n\t\t\t<div class=\"wpostahs-centent\">\n\t\t\t\t<p><span style=\"font-weight: 300;\">The YMCA received the Carlos Lleras Restrepo Award in the social work category for its work with families through the \u201cFootprints for Family Transformation\u201d model. This award was promoted by ICBF and UNICEF.<\/span><\/p>\n\t\t\t<\/div>\n\n\t\t\t\t\t<div style=\"text-align:center\">\n\t\t\t\t<img decoding=\"async\"  src=\"https:\/\/ymcacolombia.org\/wp-content\/uploads\/2020\/09\/2007-1.jpg\" alt=\"2007 &#8211; Premio Carlos Lleras Restrepo\" \/>\n\t\t\t<\/div>\n\t\t\t\t<\/div>\n\t<\/div>\t\t\t<\/div>\r\n\t\t<\/div>\r\n\t\t<\/p>\t\t\t\t\t\t\t\t<\/div>\n\t\t\t\t<\/div>\n\t\t\t\t\t<\/div>\n\t\t<\/div>\n\t\t\t\t\t<\/div>\n\t\t<\/section>\n\t\t\t\t<\/div>","protected":false},"excerpt":{"rendered":"<p>HISTORY<\/p>","protected":false},"author":4,"featured_media":0,"parent":0,"menu_order":0,"comment_status":"closed","ping_status":"closed","template":"","meta":{"_eb_attr":"","site-sidebar-layout":"no-sidebar","site-content-layout":"page-builder","ast-site-content-layout":"","site-content-style":"default","site-sidebar-style":"default","ast-global-header-display":"","ast-banner-title-visibility":"","ast-main-header-display":"","ast-hfb-above-header-display":"","ast-hfb-below-header-display":"","ast-hfb-mobile-header-display":"","site-post-title":"disabled","ast-breadcrumbs-content":"","ast-featured-img":"disabled","footer-sml-layout":"","theme-transparent-header-meta":"default","adv-header-id-meta":"","stick-header-meta":"","header-above-stick-meta":"","header-main-stick-meta":"","header-below-stick-meta":"","astra-migrate-meta-layouts":"default","ast-page-background-enabled":"default","ast-page-background-meta":{"desktop":{"background-color":"","background-image":"","background-repeat":"repeat","background-position":"center center","background-size":"auto","background-attachment":"scroll","background-type":"","background-media":"","overlay-type":"","overlay-color":"","overlay-opacity":"","overlay-gradient":""},"tablet":{"background-color":"","background-image":"","background-repeat":"repeat","background-position":"center center","background-size":"auto","background-attachment":"scroll","background-type":"","background-media":"","overlay-type":"","overlay-color":"","overlay-opacity":"","overlay-gradient":""},"mobile":{"background-color":"","background-image":"","background-repeat":"repeat","background-position":"center center","background-size":"auto","background-attachment":"scroll","background-type":"","background-media":"","overlay-type":"","overlay-color":"","overlay-opacity":"","overlay-gradient":""}},"ast-content-background-meta":{"desktop":{"background-color":"var(--ast-global-color-5)","background-image":"","background-repeat":"repeat","background-position":"center center","background-size":"auto","background-attachment":"scroll","background-type":"","background-media":"","overlay-type":"","overlay-color":"","overlay-opacity":"","overlay-gradient":""},"tablet":{"background-color":"var(--ast-global-color-5)","background-image":"","background-repeat":"repeat","background-position":"center center","background-size":"auto","background-attachment":"scroll","background-type":"","background-media":"","overlay-type":"","overlay-color":"","overlay-opacity":"","overlay-gradient":""},"mobile":{"background-color":"var(--ast-global-color-5)","background-image":"","background-repeat":"repeat","background-position":"center center","background-size":"auto","background-attachment":"scroll","background-type":"","background-media":"","overlay-type":"","overlay-color":"","overlay-opacity":"","overlay-gradient":""}},"_joinchat":[],"footnotes":""},"class_list":["post-13","page","type-page","status-publish","hentry"],"_links":{"self":[{"href":"https:\/\/ymcacolombia.org\/en\/wp-json\/wp\/v2\/pages\/13","targetHints":{"allow":["GET"]}}],"collection":[{"href":"https:\/\/ymcacolombia.org\/en\/wp-json\/wp\/v2\/pages"}],"about":[{"href":"https:\/\/ymcacolombia.org\/en\/wp-json\/wp\/v2\/types\/page"}],"author":[{"embeddable":true,"href":"https:\/\/ymcacolombia.org\/en\/wp-json\/wp\/v2\/users\/4"}],"replies":[{"embeddable":true,"href":"https:\/\/ymcacolombia.org\/en\/wp-json\/wp\/v2\/comments?post=13"}],"version-history":[{"count":0,"href":"https:\/\/ymcacolombia.org\/en\/wp-json\/wp\/v2\/pages\/13\/revisions"}],"wp:attachment":[{"href":"https:\/\/ymcacolombia.org\/en\/wp-json\/wp\/v2\/media?parent=13"}],"curies":[{"name":"wp","href":"https:\/\/api.w.org\/{rel}","templated":true}]}}