{"id":12621,"date":"2025-09-11T11:15:54","date_gmt":"2025-09-11T16:15:54","guid":{"rendered":"https:\/\/ymcacolombia.org\/?page_id=12621"},"modified":"2025-09-12T12:36:00","modified_gmt":"2025-09-12T17:36:00","slug":"colegio-las-mercedes-i-e-d","status":"publish","type":"page","link":"https:\/\/ymcacolombia.org\/en\/colegio-las-mercedes-i-e-d\/","title":{"rendered":"Colegio Las Mercedes I.E.D"},"content":{"rendered":"<div data-elementor-type=\"wp-page\" data-elementor-id=\"12621\" class=\"elementor elementor-12621\" data-elementor-post-type=\"page\">\n\t\t\t\t\t\t<section class=\"elementor-section elementor-top-section elementor-element elementor-element-911477d elementor-section-boxed elementor-section-height-default elementor-section-height-default\" data-id=\"911477d\" data-element_type=\"section\">\n\t\t\t\t\t\t<div class=\"elementor-container elementor-column-gap-default\">\n\t\t\t\t\t<div class=\"elementor-column elementor-col-100 elementor-top-column elementor-element elementor-element-5da73b4\" data-id=\"5da73b4\" data-element_type=\"column\">\n\t\t\t<div class=\"elementor-widget-wrap elementor-element-populated\">\n\t\t\t\t\t\t<div class=\"elementor-element elementor-element-dd0a224 elementor-widget elementor-widget-spacer\" data-id=\"dd0a224\" data-element_type=\"widget\" data-widget_type=\"spacer.default\">\n\t\t\t\t<div class=\"elementor-widget-container\">\n\t\t\t\t\t\t\t<div class=\"elementor-spacer\">\n\t\t\t<div class=\"elementor-spacer-inner\"><\/div>\n\t\t<\/div>\n\t\t\t\t\t\t<\/div>\n\t\t\t\t<\/div>\n\t\t\t\t<div class=\"elementor-element elementor-element-07ab86b elementor-widget__width-initial elementor-view-default elementor-position-top elementor-mobile-position-top elementor-widget elementor-widget-icon-box\" data-id=\"07ab86b\" data-element_type=\"widget\" data-widget_type=\"icon-box.default\">\n\t\t\t\t<div class=\"elementor-widget-container\">\n\t\t\t\t\t\t\t<div class=\"elementor-icon-box-wrapper\">\n\n\t\t\t\t\t\t<div class=\"elementor-icon-box-icon\">\n\t\t\t\t<span  class=\"elementor-icon\">\n\t\t\t\t<svg xmlns=\"http:\/\/www.w3.org\/2000\/svg\" viewbox=\"0 0 138.56142 140.0256\"><defs><style>.cls-1{fill-rule:evenodd;}<\/style><\/defs><g id=\"Capa_2\"><g id=\"Capa_1-2\"><path class=\"cls-1\" d=\"M61.72856,16.56848A61.72856,61.72856,0,1,0,123.45644,78.297,61.75744,61.75744,0,0,0,61.72856,16.56848Zm0,4.20621A57.52218,57.52218,0,1,1,4.20656,78.297a57.5492,57.5492,0,0,1,57.522-57.52235Z\"><\/path><path class=\"cls-1\" d=\"M61.72856,30.426A47.871,47.871,0,1,0,109.5989,78.297,47.89338,47.89338,0,0,0,61.72856,30.426Zm0,4.20622A43.66463,43.66463,0,1,1,18.0641,78.297a43.68534,43.68534,0,0,1,43.66446-43.6648Z\"><\/path><path class=\"cls-1\" d=\"M59.62545,32.9291V44.18648a2.10328,2.10328,0,1,0,4.20656,0V32.9291a2.10328,2.10328,0,0,0-4.20656,0Z\"><\/path><path class=\"cls-1\" d=\"M59.62545,112.68177v11.257a2.10328,2.10328,0,1,0,4.20656,0v-11.257a2.10328,2.10328,0,1,0-4.20656,0Z\"><\/path><path class=\"cls-1\" d=\"M15.90972,79.73216H27.16709a2.10311,2.10311,0,0,0,0-4.20622H15.90972a2.10311,2.10311,0,1,0,0,4.20622Z\"><\/path><path class=\"cls-1\" d=\"M96.17483,79.73216H107.4322a2.10311,2.10311,0,0,0,0-4.20622H96.17483a2.10311,2.10311,0,0,0,0,4.20622Z\"><\/path><path class=\"cls-1\" d=\"M63.6269,50.4876a2.10393,2.10393,0,0,0-3.797,0L47.309,76.72313a2.10271,2.10271,0,0,0,1.898,3.009H74.24978a2.10271,2.10271,0,0,0,1.89834-3.009L63.6269,50.4876Zm-1.89834,5.789s6.28574,13.17075,9.18709,19.24932H52.54079l9.18777-19.24932Z\"><\/path><path class=\"cls-1\" d=\"M59.82988,104.76982a2.10394,2.10394,0,0,0,3.797,0L76.14812,78.535a2.10287,2.10287,0,0,0-1.89834-3.00937H49.207A2.10287,2.10287,0,0,0,47.309,78.535l12.52088,26.23485Zm1.89868-5.78834L52.54079,79.73216H70.91565L61.7289,98.98148Z\"><\/path><path class=\"cls-1\" d=\"M99.21839,32.13668a18.36838,18.36838,0,0,1,5.58356-4.30741,5.81974,5.81974,0,0,1,6.48025.55176c1.66827,1.35512,1.81185,3.407,1.45495,5.41024-.63585,3.56591-2.89656,7.152-3.96486,8.02066a2.10328,2.10328,0,1,0,2.65349,3.26406c1.41769-1.15309,4.60893-5.815,5.45263-10.546.62868-3.528-.00683-7.02723-2.94339-9.41305-3.621-2.9434-7.49694-2.65418-10.87654-1.11582a22.92065,22.92065,0,0,0-6.95681,5.31041,2.10329,2.10329,0,0,0,3.11672,2.82512Z\"><\/path><path class=\"cls-1\" d=\"M101.74506,27.80944a16.95564,16.95564,0,1,1,11.54932,9.8561,2.10309,2.10309,0,1,0-1.00985,4.08315A21.17847,21.17847,0,1,0,97.87318,29.45378a2.1032,2.1032,0,0,0,3.87154-1.64468Z\"><\/path><\/g><\/g><\/svg>\t\t\t\t<\/span>\n\t\t\t<\/div>\n\t\t\t\n\t\t\t\t\t\t<div class=\"elementor-icon-box-content\">\n\n\t\t\t\t\t\t\t\t\t<h3 class=\"elementor-icon-box-title\">\n\t\t\t\t\t\t<span  >\n\t\t\t\t\t\t\tVacaciones Recreativas en Ingl\u00e9s Colegio Las Mercedes I.E.D\t\t\t\t\t\t<\/span>\n\t\t\t\t\t<\/h3>\n\t\t\t\t\n\t\t\t\t\n\t\t\t<\/div>\n\t\t\t\n\t\t<\/div>\n\t\t\t\t\t\t<\/div>\n\t\t\t\t<\/div>\n\t\t\t\t\t<\/div>\n\t\t<\/div>\n\t\t\t\t\t<\/div>\n\t\t<\/section>\n\t\t\t\t<section class=\"elementor-section elementor-top-section elementor-element elementor-element-95815f8 elementor-section-boxed elementor-section-height-default elementor-section-height-default\" data-id=\"95815f8\" data-element_type=\"section\">\n\t\t\t\t\t\t<div class=\"elementor-container elementor-column-gap-default\">\n\t\t\t\t\t<div class=\"elementor-column elementor-col-33 elementor-top-column elementor-element elementor-element-9af97bb\" data-id=\"9af97bb\" data-element_type=\"column\">\n\t\t\t<div class=\"elementor-widget-wrap elementor-element-populated\">\n\t\t\t\t\t\t<div class=\"elementor-element elementor-element-580a0b6 elementor-widget elementor-widget-image\" data-id=\"580a0b6\" data-element_type=\"widget\" data-widget_type=\"image.default\">\n\t\t\t\t<div class=\"elementor-widget-container\">\n\t\t\t\t\t\t\t\t\t\t\t\t\t\t\t<img fetchpriority=\"high\" decoding=\"async\" width=\"1024\" height=\"769\" src=\"https:\/\/ymcacolombia.org\/wp-content\/uploads\/2025\/09\/IMG_20230620_103111-1024x769.jpg\" class=\"attachment-large size-large wp-image-12640\" alt=\"\" srcset=\"https:\/\/ymcacolombia.org\/wp-content\/uploads\/2025\/09\/IMG_20230620_103111-1024x769.jpg 1024w, https:\/\/ymcacolombia.org\/wp-content\/uploads\/2025\/09\/IMG_20230620_103111-300x225.jpg 300w, https:\/\/ymcacolombia.org\/wp-content\/uploads\/2025\/09\/IMG_20230620_103111-768x577.jpg 768w, https:\/\/ymcacolombia.org\/wp-content\/uploads\/2025\/09\/IMG_20230620_103111-1536x1153.jpg 1536w, https:\/\/ymcacolombia.org\/wp-content\/uploads\/2025\/09\/IMG_20230620_103111-2048x1538.jpg 2048w, https:\/\/ymcacolombia.org\/wp-content\/uploads\/2025\/09\/IMG_20230620_103111-16x12.jpg 16w\" sizes=\"(max-width: 1024px) 100vw, 1024px\" \/>\t\t\t\t\t\t\t\t\t\t\t\t\t\t\t<\/div>\n\t\t\t\t<\/div>\n\t\t\t\t\t<\/div>\n\t\t<\/div>\n\t\t\t\t<div class=\"elementor-column elementor-col-66 elementor-top-column elementor-element elementor-element-ed8f36f\" data-id=\"ed8f36f\" data-element_type=\"column\">\n\t\t\t<div class=\"elementor-widget-wrap elementor-element-populated\">\n\t\t\t\t\t\t<div class=\"elementor-element elementor-element-19ae179 elementor-widget elementor-widget-text-editor\" data-id=\"19ae179\" data-element_type=\"widget\" data-widget_type=\"text-editor.default\">\n\t\t\t\t<div class=\"elementor-widget-container\">\n\t\t\t\t\t\t\t\t\t<p><span class=\"a_GcMg font-feature-liga-off font-feature-clig-off font-feature-calt-off text-decoration-none text-strikethrough-none\">En alianza con Fe y Alegr\u00eda, YMCA Colombia te ofrece en el Colegio Las Mercedes,<\/span> <span class=\"a_GcMg font-feature-liga-off font-feature-clig-off font-feature-calt-off text-decoration-none text-strikethrough-none\">Carrera 105F #66-33, Bogot\u00e1, las <\/span><strong><span class=\"a_GcMg font-feature-liga-off font-feature-clig-off font-feature-calt-off text-decoration-none text-strikethrough-none\">Vacaciones Recreativas en Ingl\u00e9s<\/span><\/strong><span class=\"a_GcMg font-feature-liga-off font-feature-clig-off font-feature-calt-off text-decoration-none text-strikethrough-none\"> para que aprendas una segunda lengua de forma divertida.<\/span><\/p>\t\t\t\t\t\t\t\t<\/div>\n\t\t\t\t<\/div>\n\t\t\t\t<div class=\"elementor-element elementor-element-7b3271a elementor-widget elementor-widget-heading\" data-id=\"7b3271a\" data-element_type=\"widget\" data-widget_type=\"heading.default\">\n\t\t\t\t<div class=\"elementor-widget-container\">\n\t\t\t\t\t<h3 class=\"elementor-heading-title elementor-size-default\"><span style=\"--Ys-XuQ: none\">\u00bfQu\u00e9 vivir\u00e1s?<\/span><\/h3>\t\t\t\t<\/div>\n\t\t\t\t<\/div>\n\t\t\t\t<div class=\"elementor-element elementor-element-8964d7e elementor-widget elementor-widget-text-editor\" data-id=\"8964d7e\" data-element_type=\"widget\" data-widget_type=\"text-editor.default\">\n\t\t\t\t<div class=\"elementor-widget-container\">\n\t\t\t\t\t\t\t\t\t<ul><li><span class=\"a_GcMg font-feature-liga-off font-feature-clig-off font-feature-calt-off text-decoration-none text-strikethrough-none\">Juegos y deportes<\/span><\/li><li><span class=\"a_GcMg font-feature-liga-off font-feature-clig-off font-feature-calt-off text-decoration-none text-strikethrough-none\">Actividades art\u00edsticas y culturales<\/span><\/li><li><span class=\"a_GcMg font-feature-liga-off font-feature-clig-off font-feature-calt-off text-decoration-none text-strikethrough-none\">Retos y din\u00e1micas para practicar ingl\u00e9s<\/span><\/li><\/ul>\t\t\t\t\t\t\t\t<\/div>\n\t\t\t\t<\/div>\n\t\t\t\t\t<\/div>\n\t\t<\/div>\n\t\t\t\t\t<\/div>\n\t\t<\/section>\n\t\t\t\t<section class=\"elementor-section elementor-top-section elementor-element elementor-element-f94b691 elementor-section-boxed elementor-section-height-default elementor-section-height-default\" data-id=\"f94b691\" data-element_type=\"section\">\n\t\t\t\t\t\t<div class=\"elementor-container elementor-column-gap-default\">\n\t\t\t\t\t<div class=\"elementor-column elementor-col-100 elementor-top-column elementor-element elementor-element-0c88faf\" data-id=\"0c88faf\" data-element_type=\"column\">\n\t\t\t<div class=\"elementor-widget-wrap elementor-element-populated\">\n\t\t\t\t\t\t<div class=\"elementor-element elementor-element-a87fe38 elementor-widget elementor-widget-spacer\" data-id=\"a87fe38\" data-element_type=\"widget\" data-widget_type=\"spacer.default\">\n\t\t\t\t<div class=\"elementor-widget-container\">\n\t\t\t\t\t\t\t<div class=\"elementor-spacer\">\n\t\t\t<div class=\"elementor-spacer-inner\"><\/div>\n\t\t<\/div>\n\t\t\t\t\t\t<\/div>\n\t\t\t\t<\/div>\n\t\t\t\t\t<\/div>\n\t\t<\/div>\n\t\t\t\t\t<\/div>\n\t\t<\/section>\n\t\t\t\t<section class=\"elementor-section elementor-top-section elementor-element elementor-element-effb6bb elementor-section-boxed elementor-section-height-default elementor-section-height-default\" data-id=\"effb6bb\" data-element_type=\"section\">\n\t\t\t\t\t\t<div class=\"elementor-container elementor-column-gap-default\">\n\t\t\t\t\t<div class=\"elementor-column elementor-col-66 elementor-top-column elementor-element elementor-element-6ea4466\" data-id=\"6ea4466\" data-element_type=\"column\">\n\t\t\t<div class=\"elementor-widget-wrap elementor-element-populated\">\n\t\t\t\t\t\t<div class=\"elementor-element elementor-element-5803d3a elementor-widget elementor-widget-text-editor\" data-id=\"5803d3a\" data-element_type=\"widget\" data-widget_type=\"text-editor.default\">\n\t\t\t\t<div class=\"elementor-widget-container\">\n\t\t\t\t\t\t\t\t\t<p><span class=\"a_GcMg font-feature-liga-off font-feature-clig-off font-feature-calt-off text-decoration-none text-strikethrough-none\" style=\"color: rgba(0,130,183,var(--o42jjq,1)); caret-color: #0082b7; --ys-xuq: none; font-weight: 900; font-kerning: normal;\">Fechas:<\/span> <span class=\"a_GcMg font-feature-liga-off font-feature-clig-off font-feature-calt-off text-decoration-none text-strikethrough-none\" style=\"color: rgba(84,84,84,var(--o42jjq,1)); caret-color: #545454; --ys-xuq: none; font-kerning: normal;\">6 al 9 de octubre del 2025<br \/><\/span><span class=\"a_GcMg font-feature-liga-off font-feature-clig-off font-feature-calt-off text-decoration-none text-strikethrough-none\" style=\"color: rgba(0,130,183,var(--o42jjq,1)); caret-color: #0082b7; --ys-xuq: none; font-weight: 900; font-kerning: normal;\">Horario:<\/span> <span class=\"a_GcMg font-feature-liga-off font-feature-clig-off font-feature-calt-off text-decoration-none text-strikethrough-none\">9:00 a.m. \u2013 3:00 p.m.<\/span><br \/><span class=\"a_GcMg font-feature-liga-off font-feature-clig-off font-feature-calt-off text-decoration-none text-strikethrough-none\" style=\"color: rgba(0,130,183,var(--o42jjq,1)); caret-color: #0082b7; --ys-xuq: none; font-weight: 900; font-kerning: normal;\">Direcci\u00f3n:<\/span> <span class=\"a_GcMg font-feature-liga-off font-feature-clig-off font-feature-calt-off text-decoration-none text-strikethrough-none\">Carrera 105F #66-33, Bogot\u00e1<\/span><\/p><p><span class=\"a_GcMg font-feature-liga-off font-feature-clig-off font-feature-calt-off text-decoration-none text-strikethrough-none\" style=\"color: rgba(0,130,183,var(--o42jjq,1)); caret-color: #0082b7; --ys-xuq: none; font-weight: 900; font-kerning: normal;\">Valor:<\/span> <span class=\"a_GcMg font-feature-liga-off font-feature-clig-off font-feature-calt-off text-decoration-none text-strikethrough-none\">$120.000 pesos<\/span><span class=\"a_GcMg font-feature-liga-off font-feature-clig-off font-feature-calt-off text-decoration-none text-strikethrough-none\" style=\"color: rgba(84,84,84,var(--o42jjq,1)); caret-color: #545454; --ys-xuq: none; font-kerning: normal;\"><br \/><\/span><span class=\"a_GcMg font-feature-liga-off font-feature-clig-off font-feature-calt-off text-decoration-none text-strikethrough-none\" style=\"color: rgba(0,130,183,var(--o42jjq,1)); caret-color: #0082b7; --ys-xuq: none; font-weight: 900; font-kerning: normal;\"><span class=\"a_GcMg font-feature-liga-off font-feature-clig-off font-feature-calt-off text-decoration-none text-strikethrough-none\">Incluye almuerzo y refrigerio<\/span><\/span><\/p>\t\t\t\t\t\t\t\t<\/div>\n\t\t\t\t<\/div>\n\t\t\t\t\t<\/div>\n\t\t<\/div>\n\t\t\t\t<div class=\"elementor-column elementor-col-33 elementor-top-column elementor-element elementor-element-beb6098\" data-id=\"beb6098\" data-element_type=\"column\">\n\t\t\t<div class=\"elementor-widget-wrap elementor-element-populated\">\n\t\t\t\t\t\t<div class=\"elementor-element elementor-element-e2def96 elementor-widget elementor-widget-image\" data-id=\"e2def96\" data-element_type=\"widget\" data-widget_type=\"image.default\">\n\t\t\t\t<div class=\"elementor-widget-container\">\n\t\t\t\t\t\t\t\t\t\t\t\t\t\t\t<img decoding=\"async\" width=\"1024\" height=\"769\" src=\"https:\/\/ymcacolombia.org\/wp-content\/uploads\/2025\/09\/IMG_20230620_093622-1024x769.jpg\" class=\"attachment-large size-large wp-image-12641\" alt=\"\" srcset=\"https:\/\/ymcacolombia.org\/wp-content\/uploads\/2025\/09\/IMG_20230620_093622-1024x769.jpg 1024w, https:\/\/ymcacolombia.org\/wp-content\/uploads\/2025\/09\/IMG_20230620_093622-300x225.jpg 300w, https:\/\/ymcacolombia.org\/wp-content\/uploads\/2025\/09\/IMG_20230620_093622-768x577.jpg 768w, https:\/\/ymcacolombia.org\/wp-content\/uploads\/2025\/09\/IMG_20230620_093622-1536x1153.jpg 1536w, https:\/\/ymcacolombia.org\/wp-content\/uploads\/2025\/09\/IMG_20230620_093622-2048x1538.jpg 2048w, https:\/\/ymcacolombia.org\/wp-content\/uploads\/2025\/09\/IMG_20230620_093622-16x12.jpg 16w\" sizes=\"(max-width: 1024px) 100vw, 1024px\" \/>\t\t\t\t\t\t\t\t\t\t\t\t\t\t\t<\/div>\n\t\t\t\t<\/div>\n\t\t\t\t\t<\/div>\n\t\t<\/div>\n\t\t\t\t\t<\/div>\n\t\t<\/section>\n\t\t\t\t<section class=\"elementor-section elementor-top-section elementor-element elementor-element-714179c elementor-section-boxed elementor-section-height-default elementor-section-height-default\" data-id=\"714179c\" data-element_type=\"section\">\n\t\t\t\t\t\t<div class=\"elementor-container elementor-column-gap-default\">\n\t\t\t\t\t<div class=\"elementor-column elementor-col-100 elementor-top-column elementor-element elementor-element-a6fb841\" data-id=\"a6fb841\" data-element_type=\"column\">\n\t\t\t<div class=\"elementor-widget-wrap elementor-element-populated\">\n\t\t\t\t\t\t<div class=\"elementor-element elementor-element-bf43aa2 elementor-widget elementor-widget-heading\" data-id=\"bf43aa2\" data-element_type=\"widget\" data-widget_type=\"heading.default\">\n\t\t\t\t<div class=\"elementor-widget-container\">\n\t\t\t\t\t<h3 class=\"elementor-heading-title elementor-size-default\"><span class=\"a_GcMg font-feature-liga-off font-feature-clig-off font-feature-calt-off text-decoration-none text-strikethrough-none\" style=\"--Ys-XuQ: none\">Are you ready to live this amazing experience?<\/span><\/h3>\t\t\t\t<\/div>\n\t\t\t\t<\/div>\n\t\t\t\t<div class=\"elementor-element elementor-element-f973edb elementor-align-center elementor-widget__width-initial elementor-widget elementor-widget-button\" data-id=\"f973edb\" data-element_type=\"widget\" data-widget_type=\"button.default\">\n\t\t\t\t<div class=\"elementor-widget-container\">\n\t\t\t\t\t\t\t\t\t<div class=\"elementor-button-wrapper\">\n\t\t\t\t\t<a class=\"elementor-button elementor-button-link elementor-size-sm\" href=\"https:\/\/api.whatsapp.com\/send\/?phone=573112025642&#038;text&#038;type=phone_number&#038;app_absent=0\">\n\t\t\t\t\t\t<span class=\"elementor-button-content-wrapper\">\n\t\t\t\t\t\t\t\t\t<span class=\"elementor-button-text\">Sign up here<\/span>\n\t\t\t\t\t<\/span>\n\t\t\t\t\t<\/a>\n\t\t\t\t<\/div>\n\t\t\t\t\t\t\t\t<\/div>\n\t\t\t\t<\/div>\n\t\t\t\t\t<\/div>\n\t\t<\/div>\n\t\t\t\t\t<\/div>\n\t\t<\/section>\n\t\t\t\t<section class=\"elementor-section elementor-top-section elementor-element elementor-element-bff1c82 elementor-section-boxed elementor-section-height-default elementor-section-height-default\" data-id=\"bff1c82\" data-element_type=\"section\">\n\t\t\t\t\t\t<div class=\"elementor-container elementor-column-gap-default\">\n\t\t\t\t\t<div class=\"elementor-column elementor-col-100 elementor-top-column elementor-element elementor-element-057f5da\" data-id=\"057f5da\" data-element_type=\"column\">\n\t\t\t<div class=\"elementor-widget-wrap elementor-element-populated\">\n\t\t\t\t\t\t<div class=\"elementor-element elementor-element-6ef29da elementor-widget elementor-widget-spacer\" data-id=\"6ef29da\" data-element_type=\"widget\" data-widget_type=\"spacer.default\">\n\t\t\t\t<div class=\"elementor-widget-container\">\n\t\t\t\t\t\t\t<div class=\"elementor-spacer\">\n\t\t\t<div class=\"elementor-spacer-inner\"><\/div>\n\t\t<\/div>\n\t\t\t\t\t\t<\/div>\n\t\t\t\t<\/div>\n\t\t\t\t\t<\/div>\n\t\t<\/div>\n\t\t\t\t\t<\/div>\n\t\t<\/section>\n\t\t\t\t<\/div>","protected":false},"excerpt":{"rendered":"<p>Vacaciones Recreativas en Ingl\u00e9s Colegio Las Mercedes I.E.D En alianza con Fe y Alegr\u00eda, YMCA Colombia te ofrece en el Colegio Las Mercedes, Carrera 105F #66-33, Bogot\u00e1, las Vacaciones Recreativas en Ingl\u00e9s para que aprendas una segunda lengua de forma divertida. \u00bfQu\u00e9 vivir\u00e1s? Juegos y deportes Actividades art\u00edsticas y culturales Retos y din\u00e1micas para practicar [&hellip;]<\/p>","protected":false},"author":5,"featured_media":0,"parent":0,"menu_order":0,"comment_status":"closed","ping_status":"closed","template":"","meta":{"_eb_attr":"","site-sidebar-layout":"no-sidebar","site-content-layout":"page-builder","ast-site-content-layout":"full-width-container","site-content-style":"default","site-sidebar-style":"default","ast-global-header-display":"","ast-banner-title-visibility":"","ast-main-header-display":"","ast-hfb-above-header-display":"","ast-hfb-below-header-display":"","ast-hfb-mobile-header-display":"","site-post-title":"disabled","ast-breadcrumbs-content":"","ast-featured-img":"disabled","footer-sml-layout":"","theme-transparent-header-meta":"","adv-header-id-meta":"","stick-header-meta":"","header-above-stick-meta":"","header-main-stick-meta":"","header-below-stick-meta":"","astra-migrate-meta-layouts":"set","ast-page-background-enabled":"default","ast-page-background-meta":{"desktop":{"background-color":"","background-image":"","background-repeat":"repeat","background-position":"center center","background-size":"auto","background-attachment":"scroll","background-type":"","background-media":"","overlay-type":"","overlay-color":"","overlay-opacity":"","overlay-gradient":""},"tablet":{"background-color":"","background-image":"","background-repeat":"repeat","background-position":"center center","background-size":"auto","background-attachment":"scroll","background-type":"","background-media":"","overlay-type":"","overlay-color":"","overlay-opacity":"","overlay-gradient":""},"mobile":{"background-color":"","background-image":"","background-repeat":"repeat","background-position":"center center","background-size":"auto","background-attachment":"scroll","background-type":"","background-media":"","overlay-type":"","overlay-color":"","overlay-opacity":"","overlay-gradient":""}},"ast-content-background-meta":{"desktop":{"background-color":"var(--ast-global-color-5)","background-image":"","background-repeat":"repeat","background-position":"center center","background-size":"auto","background-attachment":"scroll","background-type":"","background-media":"","overlay-type":"","overlay-color":"","overlay-opacity":"","overlay-gradient":""},"tablet":{"background-color":"var(--ast-global-color-5)","background-image":"","background-repeat":"repeat","background-position":"center center","background-size":"auto","background-attachment":"scroll","background-type":"","background-media":"","overlay-type":"","overlay-color":"","overlay-opacity":"","overlay-gradient":""},"mobile":{"background-color":"var(--ast-global-color-5)","background-image":"","background-repeat":"repeat","background-position":"center center","background-size":"auto","background-attachment":"scroll","background-type":"","background-media":"","overlay-type":"","overlay-color":"","overlay-opacity":"","overlay-gradient":""}},"_joinchat":[],"footnotes":""},"class_list":["post-12621","page","type-page","status-publish","hentry"],"_links":{"self":[{"href":"https:\/\/ymcacolombia.org\/en\/wp-json\/wp\/v2\/pages\/12621","targetHints":{"allow":["GET"]}}],"collection":[{"href":"https:\/\/ymcacolombia.org\/en\/wp-json\/wp\/v2\/pages"}],"about":[{"href":"https:\/\/ymcacolombia.org\/en\/wp-json\/wp\/v2\/types\/page"}],"author":[{"embeddable":true,"href":"https:\/\/ymcacolombia.org\/en\/wp-json\/wp\/v2\/users\/5"}],"replies":[{"embeddable":true,"href":"https:\/\/ymcacolombia.org\/en\/wp-json\/wp\/v2\/comments?post=12621"}],"version-history":[{"count":0,"href":"https:\/\/ymcacolombia.org\/en\/wp-json\/wp\/v2\/pages\/12621\/revisions"}],"wp:attachment":[{"href":"https:\/\/ymcacolombia.org\/en\/wp-json\/wp\/v2\/media?parent=12621"}],"curies":[{"name":"wp","href":"https:\/\/api.w.org\/{rel}","templated":true}]}}